{"id":428,"date":"2018-07-23T06:55:02","date_gmt":"2018-07-23T06:55:02","guid":{"rendered":"http:\/\/www.damacenoagricola.com.br\/site\/award-recognition\/"},"modified":"2021-06-14T11:29:02","modified_gmt":"2021-06-14T14:29:02","slug":"produtos","status":"publish","type":"page","link":"https:\/\/www.damacenoagricola.com.br\/site\/produtos\/","title":{"rendered":"Produtos"},"content":{"rendered":"<p>[vc_row lg_spacing=&#8221;padding_top:100;padding_bottom:50&#8243;][vc_column offset=&#8221;vc_col-lg-8&#8243;][\/vc_column][\/vc_row][vc_row][vc_column][tm_heading style=&#8221;with-separator-05&#8243; tag=&#8221;div&#8221; custom_google_font=&#8221;&#8221; font_weight=&#8221;700&#8243; align=&#8221;center&#8221; text_color=&#8221;secondary&#8221; text=&#8221;Produtos de nossa empresa diretamente para o campo do Produtor Rural&#8221; font_size=&#8221;lg:32&#8243; line_height=&#8221;1&#8243; css=&#8221;.vc_custom_1623012935994{margin-bottom: 30px !important;}&#8221;][tm_spacer size=&#8221;lg:50&#8243;][tm_grid gutter=&#8221;30&#8243; row_gutter=&#8221;30&#8243; columns=&#8221;xs:1;sm:2;md:3;lg:4&#8243;][tm_image image=&#8221;3696&#8243; caption=&#8221;Preparo de solo&#8221;][tm_image border_color=&#8221;primary&#8221; image=&#8221;3697&#8243; caption=&#8221;Plantio&#8221;][tm_image image=&#8221;3698&#8243; caption=&#8221;Colheita\/Transporte&#8221;][tm_image image=&#8221;3699&#8243; caption=&#8221;Pulveriza\u00e7\u00e3o&#8221;][tm_image image=&#8221;3700&#8243; caption=&#8221;Distribui\u00e7\u00e3o\/Fertiliza\u00e7\u00e3o&#8221;][tm_image image=&#8221;3701&#8243; caption=&#8221;Manuten\u00e7\u00e3o de \u00c1reas&#8221;][tm_image image=&#8221;3702&#8243; caption=&#8221;Pe\u00e7as e Acess\u00f3rios&#8221;][tm_image image=&#8221;3703&#8243; caption=&#8221;Fena\u00e7\u00e3o&#8221;][tm_spacer size=&#8221;lg:50&#8243;][\/tm_grid][\/vc_column][\/vc_row]<\/p>\n","protected":false},"excerpt":{"rendered":"<p>[vc_row lg_spacing=&#8221;padding_top:100;padding_bottom:50&#8243;][vc_column offset=&#8221;vc_col-lg-8&#8243;][\/vc_column][\/vc_row][vc_row][vc_column][tm_heading style=&#8221;with-separator-05&#8243; tag=&#8221;div&#8221; custom_google_font=&#8221;&#8221; font_weight=&#8221;700&#8243; align=&#8221;center&#8221; text_color=&#8221;secondary&#8221; text=&#8221;Produtos de nossa empresa diretamente para o campo do Produtor Rural&#8221; font_size=&#8221;lg:32&#8243; line_height=&#8221;1&#8243; css=&#8221;.vc_custom_1623012935994{margin-bottom: 30px !important;}&#8221;][tm_spacer size=&#8221;lg:50&#8243;][tm_grid gutter=&#8221;30&#8243; row_gutter=&#8221;30&#8243; columns=&#8221;xs:1;sm:2;md:3;lg:4&#8243;][tm_image image=&#8221;3696&#8243; caption=&#8221;Preparo de solo&#8221;][tm_image border_color=&#8221;primary&#8221; image=&#8221;3697&#8243; caption=&#8221;Plantio&#8221;][tm_image image=&#8221;3698&#8243; caption=&#8221;Colheita\/Transporte&#8221;][tm_image image=&#8221;3699&#8243; caption=&#8221;Pulveriza\u00e7\u00e3o&#8221;][tm_image image=&#8221;3700&#8243; caption=&#8221;Distribui\u00e7\u00e3o\/Fertiliza\u00e7\u00e3o&#8221;][tm_image image=&#8221;3701&#8243; caption=&#8221;Manuten\u00e7\u00e3o de \u00c1reas&#8221;][tm_image image=&#8221;3702&#8243; caption=&#8221;Pe\u00e7as e Acess\u00f3rios&#8221;][tm_image image=&#8221;3703&#8243; caption=&#8221;Fena\u00e7\u00e3o&#8221;][tm_spacer size=&#8221;lg:50&#8243;][\/tm_grid][\/vc_column][\/vc_row]<\/p>\n","protected":false},"author":1,"featured_media":0,"parent":0,"menu_order":0,"comment_status":"closed","ping_status":"closed","template":"","meta":{"footnotes":""},"class_list":["post-428","page","type-page","status-publish","hentry"],"_links":{"self":[{"href":"https:\/\/www.damacenoagricola.com.br\/site\/wp-json\/wp\/v2\/pages\/428","targetHints":{"allow":["GET"]}}],"collection":[{"href":"https:\/\/www.damacenoagricola.com.br\/site\/wp-json\/wp\/v2\/pages"}],"about":[{"href":"https:\/\/www.damacenoagricola.com.br\/site\/wp-json\/wp\/v2\/types\/page"}],"author":[{"embeddable":true,"href":"https:\/\/www.damacenoagricola.com.br\/site\/wp-json\/wp\/v2\/users\/1"}],"replies":[{"embeddable":true,"href":"https:\/\/www.damacenoagricola.com.br\/site\/wp-json\/wp\/v2\/comments?post=428"}],"version-history":[{"count":9,"href":"https:\/\/www.damacenoagricola.com.br\/site\/wp-json\/wp\/v2\/pages\/428\/revisions"}],"predecessor-version":[{"id":3732,"href":"https:\/\/www.damacenoagricola.com.br\/site\/wp-json\/wp\/v2\/pages\/428\/revisions\/3732"}],"wp:attachment":[{"href":"https:\/\/www.damacenoagricola.com.br\/site\/wp-json\/wp\/v2\/media?parent=428"}],"curies":[{"name":"wp","href":"https:\/\/api.w.org\/{rel}","templated":true}]}}