{"id":422,"date":"2018-07-23T06:53:57","date_gmt":"2018-07-23T06:53:57","guid":{"rendered":"http:\/\/www.damacenoagricola.com.br\/site\/history\/"},"modified":"2021-06-14T12:59:16","modified_gmt":"2021-06-14T15:59:16","slug":"historia","status":"publish","type":"page","link":"https:\/\/www.damacenoagricola.com.br\/site\/historia\/","title":{"rendered":"Hist\u00f3ria"},"content":{"rendered":"<p>[vc_row lg_spacing=&#8221;padding_top:100;padding_bottom:50&#8243;][vc_column offset=&#8221;vc_col-lg-8&#8243;][tm_heading custom_google_font=&#8221;&#8221; text=&#8221;30 anos da Damaceno&#8221; font_size=&#8221;lg:30&#8243;][tm_spacer size=&#8221;lg:35&#8243;][tm_heading tag=&#8221;div&#8221; custom_google_font=&#8221;&#8221; text=&#8221;Nessas tr\u00eas d\u00e9cadas de exist\u00eancia, o setor prim\u00e1rio enfrentou no m\u00ednimo tr\u00eas grandes crises, as chamadas \u201cCRISE DOS DEZ ANOS\u201d, onde o cen\u00e1rio nacional, e especialmente a classe produtora do Pa\u00eds recolheu-se economicamente.&#8221;][tm_spacer size=&#8221;lg:20&#8243;][tm_heading tag=&#8221;div&#8221; custom_google_font=&#8221;&#8221; text=&#8221;Mas nada foi t\u00e3o forte que pudesse estagnar ou regredir a forte cadeia produtiva do Brasil, em especial aqueles que a comp\u00f5em na regi\u00e3o sul do Estado do Rio Grande do Sul. A Damaceno, durante sua exist\u00eancia, sempre primou pela solidez, pela sele\u00e7\u00e3o de seus colaboradores, sejam eles clientes, fornecedores ou funcion\u00e1rios e pela excel\u00eancia em produtos e servi\u00e7os.&#8221;][tm_spacer size=&#8221;lg:20&#8243;][tm_heading tag=&#8221;div&#8221; custom_google_font=&#8221;&#8221; text=&#8221;De cada per\u00edodo de crise sa\u00edmos mais fortalecidos, pois, sempre soubemos desacelerar e avan\u00e7ar no momento exato, com \u201cos p\u00e9s no ch\u00e3o\u201d, sem nunca perder o foco em oferecer solu\u00e7\u00f5es aos clientes.&#8221;][tm_spacer size=&#8221;lg:75&#8243;][tm_timeline items=&#8221;%5B%7B%22title%22%3A%22In%C3%ADcio%22%2C%22datetime%22%3A%221971%2F01%2F01%2000%3A00%22%2C%22text%22%3A%22Em%201971%2C%20se%20inicia%20a%20grande%20hist%C3%B3ria%20de%20nossa%20empresa%20%E2%80%93%20DAMACENO%20Implementos%20Agr%C3%ADcola.%20Nosso%20fundador%2C%20Valdemir%20Damaceno%2C%20come%C3%A7a%20a%20trabalhar%20como%20vendedor%20de%20perfumarias%20e%20artigos%20para%20casa%2C%20comercializando%20pelo%20interior%20de%20Cangu%C3%A7u%2C%20Pelotas%20e%20Regi%C3%A3o.%22%7D%2C%7B%22title%22%3A%22Empreendedorismo%22%2C%22datetime%22%3A%221986%2F01%2F01%2000%3A00%22%2C%22text%22%3A%22Com%20o%20despertar%20da%20veia%20comercial%2C%20passou%20a%20trilhar%20uma%20carreira%20de%20sucesso%20em%20vendas%2C%20at%C3%A9%20que%20em%201986%2C%20voltou-se%20para%20o%20ramo%20do%20com%C3%A9rcio%20em%20m%C3%A1quinas%20e%20implementos%20agr%C3%ADcolas%2C%20e%20deixou%20aflorar%20a%20virtude%20que%20pauta%20nossa%20empresa%20at%C3%A9%20hoje%3A%20EMPREENDEDORISMO.%22%7D%2C%7B%22title%22%3A%22Funda%C3%A7%C3%A3o%22%2C%22datetime%22%3A%221989%2F01%2F01%2000%3A00%22%2C%22text%22%3A%22Com%20a%20iniciativa%20necess%C3%A1ria%2C%20Valdemir%20iniciou%20a%20sua%20primeira%20empresa%20de%20Implementos%20Agr%C3%ADcola%20na%20cidade%20de%20Pedro%20Os%C3%B3rio.%20No%20ano%20de%201989%20mostrou%20novamente%20sua%20veia%20empreendedora%2C%20quando%20desfez%20a%20sociedade%20de%20sua%20antiga%20empresa%2C%20e%20fundou%20em%20sociedade%20com%20sua%20esposa%2C%20N%C3%A1ra%20Damaceno%2C%20a%20nossa%20DAMACENO%20Implementos%20Agr%C3%ADcolas%20Ltda.%22%7D%2C%7B%22title%22%3A%22Segunda%20Maior%20Revenda%20do%20Rio%20Grande%20do%20Sul%22%2C%22datetime%22%3A%221990%2F01%2F01%2000%3A00%22%2C%22text%22%3A%22J%C3%A1%20em%201990%20a%20DAMACENO%20mudou-se%20para%20a%20cidade%20vizinha%2C%20Cerrito%20devido%20ao%20r%C3%A1pido%20crescimento%20o%20que%20ensejou%20a%20necessidade%20de%20instala%C3%A7%C3%B5es%20f%C3%ADsicas%20maiores.%20Consequ%C3%AAncia%20da%20crescente%20expans%C3%A3o%20da%20empresa%20tanto%20na%20quest%C3%A3o%20estrutural%20quanto%20no%20aspecto%20de%20inser%C3%A7%C3%A3o%20no%20mercado%20foi%20o%20primeiro%20grande%20reconhecimento%20de%20nossa%20empresa%3A%20escolhida%20a%20%E2%80%9CSEGUNDA%20MAIOR%20REVENDA%20do%20R.S.%20e%20uma%20das%20maiores%20do%20Pa%C3%ADs%20no%20com%C3%A9rcio%20de%20m%C3%A1quinas%20e%20implementos%20agr%C3%ADcola%20da%20marca%20JAN%20por%20ter%20atingido%20n%C3%ADveis%20tr%C3%AAs%20vezes%20maiores%20do%20que%20a%20meta%20imposta%20pela%20fabricante%20para%20o%20ano%20de%201990%E2%80%9D.%20Consolidava-se%20assim%20a%20maior%20e%20mais%20antiga%20fidelidade%20da%20DAMACENO%20com%20nossos%20fornecedores.%22%7D%2C%7B%22title%22%3A%22Desafios%22%2C%22datetime%22%3A%221992%2F01%2F01%2000%3A00%22%2C%22text%22%3A%22Dois%20anos%20depois%2C%20em%201992%2C%20a%20DAMACENO%20enfrentou%20um%20de%20seus%20maiores%20desafios%20extra%20mercado%3B%20sua%20sede%20foi%20atingida%20pela%20maior%20cheia%20do%20Rio%20Piratini%3B%20Devido%20%C3%A0%20este%20fato%20a%20empresa%20voltou%20a%20sediar-se%20na%20cidade%20de%20Pedro%20Os%C3%B3rio%2C%20j%C3%A1%20que%20mesmo%20ap%C3%B3s%20a%20enchente%2C%20a%20expans%C3%A3o%20comercial%20continuava%20e%20a%20necessidade%20de%20maior%20espa%C3%A7o%20f%C3%ADsico%20permanecia.%22%7D%2C%7B%22title%22%3A%22Expans%C3%A3o%22%2C%22datetime%22%3A%221995%2F01%2F01%2000%3A00%22%2C%22text%22%3A%22Seguindo%20sua%20expans%C3%A3o%2C%20em%201995%20a%20DAMACENO%20adquiriu%20tr%C3%AAs%20lotes%20de%20terrenos%20%C3%A0s%20margens%20da%20BR-116%2C%20na%20cidade%20do%20Cap%C3%A3o%20do%20Le%C3%A3o%2C%20onde%20come%C3%A7ou%20a%20constru%C3%A7%C3%A3o%20do%20pr%C3%A9dio%20pr%C3%B3prio%20e%20onde%20hoje%20se%20encontra%20a%20matriz%20da%20empresa.%20A%20mudan%C3%A7a%20para%20nova%20sede%20aconteceu%20apenas%20no%20ano%20de%202001%2C%20primando%20sempre%20pelo%20crescimento%20sustent%C3%A1vel%2C%20com%20solidez%20e%20simplicidade.%22%7D%2C%7B%22title%22%3A%22Not%C3%ADcia%20em%20todo%20o%20Rio%20Grande%20do%20Sul%22%2C%22datetime%22%3A%221997%2F01%2F01%2000%3A00%22%2C%22text%22%3A%22As%20grandes%20conquistas%20n%C3%A3o%20pararam%20nunca%3B%20no%20ano%20de%201997%20a%20empresa%20teve%20mais%20um%20grande%20reconhecimento%20por%20parte%20de%20sua%20compet%C3%AAncia%20comercial%3A%20%E2%80%9CEfetuou%20a%20maior%20venda%20conjunta%20de%20m%C3%A1quinas%20e%20implementos%20agr%C3%ADcolas%20para%20um%20%C3%BAnico%20cliente%2C%20com%20a%20venda%20de%2032%20plantadeiras%20e%2028%20carretas%20graneleiras%20da%20ao%20Grupo%20Extremo%20Sul%E2%80%9D%2C%20sendo%20esta%20transa%C3%A7%C3%A3o%20comercial%20not%C3%ADcia%20em%20todo%20RS.%22%7D%2C%7B%22title%22%3A%22Nova%20Marca%20Comercial%22%2C%22datetime%22%3A%222006%2F01%2F01%2000%3A00%22%2C%22text%22%3A%22Esta%20marca%20comercial%20foi%20novamente%20atingida%20no%20ano%20de%202006%20quando%20houve%20a%20venda%20em%20uma%20%C3%BAnica%20negocia%C3%A7%C3%A3o%20de%20%E2%80%9C20%20plantadeiras%20e%2012%20carretas%20para%20o%20cliente%20Ricardo%20Gon%C3%A7alves%20Teixeira%20de%20Jaguar%C3%A3o%E2%80%9D.%22%7D%2C%7B%22title%22%3A%22Conven%C3%A7%C3%A3o%20Kuhn%20Mundial%22%2C%22datetime%22%3A%222010%2F01%2F01%2000%3A00%22%2C%22text%22%3A%22No%20ano%20de%202010%20a%20DAMACENO%20foi%20destacada%20entre%20as%2010%20mais%20importantes%20revendedoras%20do%20Brasil%20da%20marca%20Kuhn%3B%20convidada%20para%20participar%20da%20Conven%C3%A7%C3%A3o%20Kuhn%20Mundial%20realizada%20na%20Fran%C3%A7a%2C%20foi%20a%20%C3%BAnica%20revenda%20do%20Brasil%20autorizada%20a%20levar%20ao%20evento%20seus%20melhores%20clientes.%22%7D%2C%7B%22title%22%3A%22Kuhn%20do%20Brasil%22%2C%22datetime%22%3A%222012%2F01%2F01%2000%3A00%22%2C%22text%22%3A%22Em%202012%2C%20ap%C3%B3s%20muitas%20rejei%C3%A7%C3%B5es%2C%20a%20Kuhn%20do%20Brasil%20topou%20o%20desafio%20e%20uma%20m%C3%A1quina%20da%20esp%C3%A9cie%20foi%20importada%20do%20continente%20europeu%20para%20a%20DAMACENO%20para%20testes%20de%20plantio%20diretamente%20nas%20lavouras%20dos%20clientes%3B%20o%20projeto%20foi%20t%C3%A3o%20bem%20sucedido%20que%20s%C3%B3%20a%20m%C3%A1quina%20prot%C3%B3tipo%20plantou%20mais%20de%20mil%20hectares%20sem%20parar%2C%20com%20rendimento%20de%20at%C3%A9%20100ha%20por%20dia%20e%20uma%20singular%20qualidade%20de%20semeadura%3B%20resultado%20disso%20%C3%A9%20que%20a%20Kuhn%20da%20Fran%C3%A7a%20hoje%20fabrica%20a%20plantadeira%20em%20s%C3%A9rie%20e%20a%20vende%20para%20o%20mundo%20todo.%22%7D%2C%7B%22title%22%3A%22Amplia%C3%A7%C3%A3o%22%2C%22datetime%22%3A%222014%2F01%2F01%2000%3A00%22%2C%22text%22%3A%22Em%202014%20a%20DAMACENO%20deu%20outro%20grande%20passo%2C%20novamente%20de%20forma%20consciente%2C%20mas%20se%20adequando%20a%20demanda%20de%20melhor%20atender%20nossos%20clientes%20no%20setor%20de%20pe%C3%A7as%2C%20e%20tamb%C3%A9m%20em%20implementos%20agr%C3%ADcola.%20O%20in%C3%ADcio%20%C3%A0s%20obras%20de%20amplia%C3%A7%C3%A3o%20f%C3%ADsica%2C%20projeto%20este%20que%20conclu%C3%ADdo%20representar%C3%A1%20uma%20amplia%C3%A7%C3%A3o%20de%20400%25%20no%20espa%C3%A7o%20f%C3%ADsico%20visando%20atingir%20as%20necessidades%20do%20mercado%20que%20se%20alastra%20constantemente%20e%20a%20melhoria%20no%20atendimento%20dos%20clientes.%5CnTamb%C3%A9m%20em%202014%2C%20diante%20da%20crescente%20no%20mercado%20e%20das%20necessidades%20de%20organiza%C3%A7%C3%A3o%20interna%20e%20extens%C3%A3o%20no%20atendimento%20de%20regi%C3%B5es%20e%20clientes%2C%20foram%20definidos%20investimentos%20tais%20como%20contrata%C3%A7%C3%A3o%20de%20empresa%20de%20apoio%20para%20realiza%C3%A7%C3%A3o%20do%20Planejamento%20Estrat%C3%A9gico%20para%20o%20bi%C3%AAnio%202015%2F2016%2C%20mapeamento%20e%20reestrutura%C3%A7%C3%A3o%20dos%20processos%20operacionais%2C%20investimento%20em%20novo%20software%20de%20gest%C3%A3o%2C%20bem%20como%20capacita%C3%A7%C3%A3o%20e%20desenvolvimento%20dos%20nossos%20colaboradores.%22%7D%5D&#8221;][tm_spacer size=&#8221;lg:50&#8243;][\/vc_column][vc_column offset=&#8221;vc_col-lg-4&#8243;][tm_image image=&#8221;3662&#8243;][tm_spacer size=&#8221;lg:30&#8243;][tm_heading tag=&#8221;h2&#8243; custom_google_font=&#8221;&#8221; md_align=&#8221;left&#8221; sm_align=&#8221;left&#8221; xs_align=&#8221;left&#8221; text=&#8221;Miss\u00e3o&#8221; css=&#8221;.vc_custom_1622776263263{padding-bottom: 15px !important;}&#8221;][vc_column_text css_animation=&#8221;fadeInDown&#8221;]A miss\u00e3o define o que \u00e9 a organiza\u00e7\u00e3o hoje, seu prop\u00f3sito e como pretende atuar no seu dia-a-dia. Cria um clima de comprometimento dos dirigentes em seus diferentes n\u00edveis, bem como da equipe de colaboradores, com o trabalho que a organiza\u00e7\u00e3o realiza.<\/p>\n<p>&#8220;Oferecer ao Produtor Rural a melhor solu\u00e7\u00e3o em pe\u00e7as e implementos agr\u00edcola, por meio de um atendimento confi\u00e1vel e de qualidade&#8221;.[\/vc_column_text][tm_heading tag=&#8221;h2&#8243; custom_google_font=&#8221;&#8221; md_align=&#8221;left&#8221; sm_align=&#8221;left&#8221; xs_align=&#8221;left&#8221; text=&#8221;Vis\u00e3o&#8221; css=&#8221;.vc_custom_1622776326676{padding-top: 30px !important;padding-bottom: 15px !important;}&#8221;][vc_column_text css_animation=&#8221;fadeInDown&#8221;]A vis\u00e3o \u00e9 a idealiza\u00e7\u00e3o de um futuro desejado para a organiza\u00e7\u00e3o. Ela deve ser clara e estar em permanente visibilidade. Assim, ficou definido como vis\u00e3o de futuro para atingir at\u00e9 2016 para a DAMACENO:<\/p>\n<p>&#8220;Se tornar o principal fornecedor de pe\u00e7as e implementos agr\u00edcola em nossa regi\u00e3o de atua\u00e7\u00e3o, reconhecido pela qualidade e confian\u00e7a de nossos produtos e servi\u00e7os&#8221;.[\/vc_column_text][tm_heading tag=&#8221;h2&#8243; custom_google_font=&#8221;&#8221; md_align=&#8221;left&#8221; sm_align=&#8221;left&#8221; xs_align=&#8221;left&#8221; text=&#8221;Valores&#8221; css=&#8221;.vc_custom_1622776342456{padding-top: 30px !important;padding-bottom: 15px !important;}&#8221;][vc_column_text css_animation=&#8221;fadeInDown&#8221;]Valores Institucionais s\u00e3o as ideias fundamentais em torno das quais se constr\u00f3i uma organiza\u00e7\u00e3o. Representam as convic\u00e7\u00f5es dominantes e as cren\u00e7as b\u00e1sicas que norteiam a atua\u00e7\u00e3o da organiza\u00e7\u00e3o, sendo um compromisso institucional.<\/p>\n<ul>\n<li>Confian\u00e7a e compromisso com o Cliente<\/li>\n<li>Qualidade em pe\u00e7as e implementos agr\u00edcolas<\/li>\n<li>Simplicidade com Inova\u00e7\u00e3o e Tecnologia<\/li>\n<li>Investimento em Capacita\u00e7\u00e3o T\u00e9cnica e Humana<\/li>\n<li>Responsabilidade com Resultado<\/li>\n<li>Conhecimento em busca do melhor para o cliente<\/li>\n<li>Aproxima\u00e7\u00e3o no relacionamento com clientes internos\/externos<\/li>\n<li>Valoriza\u00e7\u00e3o dos nossos colaboradores<\/li>\n<\/ul>\n<p>[\/vc_column_text][\/vc_column][\/vc_row]<\/p>\n","protected":false},"excerpt":{"rendered":"<p>[vc_row lg_spacing=&#8221;padding_top:100;padding_bottom:50&#8243;][vc_column offset=&#8221;vc_col-lg-8&#8243;][tm_heading custom_google_font=&#8221;&#8221; text=&#8221;30 anos da Damaceno&#8221; font_size=&#8221;lg:30&#8243;][tm_spacer size=&#8221;lg:35&#8243;][tm_heading tag=&#8221;div&#8221; custom_google_font=&#8221;&#8221; text=&#8221;Nessas tr\u00eas d\u00e9cadas de exist\u00eancia, o setor prim\u00e1rio enfrentou no m\u00ednimo tr\u00eas grandes crises, as chamadas \u201cCRISE DOS DEZ ANOS\u201d, onde o cen\u00e1rio nacional, e especialmente a classe produtora do Pa\u00eds recolheu-se economicamente.&#8221;][tm_spacer size=&#8221;lg:20&#8243;][tm_heading tag=&#8221;div&#8221; custom_google_font=&#8221;&#8221; text=&#8221;Mas nada foi t\u00e3o forte que pudesse estagnar ou regredir a forte cadeia produtiva do Brasil, em especial aqueles que a comp\u00f5em na regi\u00e3o sul do Estado do Rio Grande do Sul. A Damaceno, durante sua exist\u00eancia, sempre primou pela solidez, pela sele\u00e7\u00e3o de seus colaboradores, sejam eles clientes, fornecedores ou funcion\u00e1rios e pela excel\u00eancia em produtos e servi\u00e7os.&#8221;][tm_spacer size=&#8221;lg:20&#8243;][tm_heading tag=&#8221;div&#8221; custom_google_font=&#8221;&#8221; text=&#8221;De cada per\u00edodo de crise sa\u00edmos mais fortalecidos, pois, sempre soubemos desacelerar e avan\u00e7ar no momento exato, com \u201cos p\u00e9s no ch\u00e3o\u201d, sem nunca perder o foco em oferecer solu\u00e7\u00f5es aos clientes.&#8221;][tm_spacer size=&#8221;lg:75&#8243;][tm_timeline items=&#8221;%5B%7B%22title%22%3A%22In%C3%ADcio%22%2C%22datetime%22%3A%221971%2F01%2F01%2000%3A00%22%2C%22text%22%3A%22Em%201971%2C%20se%20inicia%20a%20grande%20hist%C3%B3ria%20de%20nossa%20empresa%20%E2%80%93%20DAMACENO%20Implementos%20Agr%C3%ADcola.%20Nosso%20fundador%2C%20Valdemir%20Damaceno%2C%20come%C3%A7a%20a%20trabalhar%20como%20vendedor%20de%20perfumarias%20e%20artigos%20para%20casa%2C%20comercializando%20pelo%20interior%20de%20Cangu%C3%A7u%2C%20Pelotas%20e%20Regi%C3%A3o.%22%7D%2C%7B%22title%22%3A%22Empreendedorismo%22%2C%22datetime%22%3A%221986%2F01%2F01%2000%3A00%22%2C%22text%22%3A%22Com%20o%20despertar%20da%20veia%20comercial%2C%20passou%20a%20trilhar%20uma%20carreira%20de%20sucesso%20em%20vendas%2C%20at%C3%A9%20que%20em%201986%2C%20voltou-se%20para%20o%20ramo%20do%20com%C3%A9rcio%20em%20m%C3%A1quinas%20e%20implementos%20agr%C3%ADcolas%2C%20e%20deixou%20aflorar%20a%20virtude%20que%20pauta%20nossa%20empresa%20at%C3%A9%20hoje%3A%20EMPREENDEDORISMO.%22%7D%2C%7B%22title%22%3A%22Funda%C3%A7%C3%A3o%22%2C%22datetime%22%3A%221989%2F01%2F01%2000%3A00%22%2C%22text%22%3A%22Com%20a%20iniciativa%20necess%C3%A1ria%2C%20Valdemir%20iniciou%20a%20sua%20primeira%20empresa%20de%20Implementos%20Agr%C3%ADcola%20na%20cidade%20de%20Pedro%20Os%C3%B3rio.%20No%20ano%20de%201989%20mostrou%20novamente%20sua%20veia%20empreendedora%2C%20quando%20desfez%20a%20sociedade%20de%20sua%20antiga%20empresa%2C%20e%20fundou%20em%20sociedade%20com%20sua%20esposa%2C%20N%C3%A1ra%20Damaceno%2C%20a%20nossa%20DAMACENO%20Implementos%20Agr%C3%ADcolas%20Ltda.%22%7D%2C%7B%22title%22%3A%22Segunda%20Maior%20Revenda%20do%20Rio%20Grande%20do%20Sul%22%2C%22datetime%22%3A%221990%2F01%2F01%2000%3A00%22%2C%22text%22%3A%22J%C3%A1%20em%201990%20a%20DAMACENO%20mudou-se%20para%20a%20cidade%20vizinha%2C%20Cerrito%20devido%20ao%20r%C3%A1pido%20crescimento%20o%20que%20ensejou%20a%20necessidade%20de%20instala%C3%A7%C3%B5es%20f%C3%ADsicas%20maiores.%20Consequ%C3%AAncia%20da%20crescente%20expans%C3%A3o%20da%20empresa%20tanto%20na%20quest%C3%A3o%20estrutural%20quanto%20no%20aspecto%20de%20inser%C3%A7%C3%A3o%20no%20mercado%20foi%20o%20primeiro%20grande%20reconhecimento%20de%20nossa%20empresa%3A%20escolhida%20a%20%E2%80%9CSEGUNDA%20MAIOR%20REVENDA%20do%20R.S.%20e%20uma%20das%20maiores%20do%20Pa%C3%ADs%20no%20com%C3%A9rcio%20de%20m%C3%A1quinas%20e%20implementos%20agr%C3%ADcola%20da%20marca%20JAN%20por%20ter%20atingido%20n%C3%ADveis%20tr%C3%AAs%20vezes%20maiores%20do%20que%20a%20meta%20imposta%20pela%20fabricante%20para%20o%20ano%20de%201990%E2%80%9D.%20Consolidava-se%20assim%20a%20maior%20e%20mais%20antiga%20fidelidade%20da%20DAMACENO%20com%20nossos%20fornecedores.%22%7D%2C%7B%22title%22%3A%22Desafios%22%2C%22datetime%22%3A%221992%2F01%2F01%2000%3A00%22%2C%22text%22%3A%22Dois%20anos%20depois%2C%20em%201992%2C%20a%20DAMACENO%20enfrentou%20um%20de%20seus%20maiores%20desafios%20extra%20mercado%3B%20sua%20sede%20foi%20atingida%20pela%20maior%20cheia%20do%20Rio%20Piratini%3B%20Devido%20%C3%A0%20este%20fato%20a%20empresa%20voltou%20a%20sediar-se%20na%20cidade%20de%20Pedro%20Os%C3%B3rio%2C%20j%C3%A1%20que%20mesmo%20ap%C3%B3s%20a%20enchente%2C%20a%20expans%C3%A3o%20comercial%20continuava%20e%20a%20necessidade%20de%20maior%20espa%C3%A7o%20f%C3%ADsico%20permanecia.%22%7D%2C%7B%22title%22%3A%22Expans%C3%A3o%22%2C%22datetime%22%3A%221995%2F01%2F01%2000%3A00%22%2C%22text%22%3A%22Seguindo%20sua%20expans%C3%A3o%2C%20em%201995%20a%20DAMACENO%20adquiriu%20tr%C3%AAs%20lotes%20de%20terrenos%20%C3%A0s%20margens%20da%20BR-116%2C%20na%20cidade%20do%20Cap%C3%A3o%20do%20Le%C3%A3o%2C%20onde%20come%C3%A7ou%20a%20constru%C3%A7%C3%A3o%20do%20pr%C3%A9dio%20pr%C3%B3prio%20e%20onde%20hoje%20se%20encontra%20a%20matriz%20da%20empresa.%20A%20mudan%C3%A7a%20para%20nova%20sede%20aconteceu%20apenas%20no%20ano%20de%202001%2C%20primando%20sempre%20pelo%20crescimento%20sustent%C3%A1vel%2C%20com%20solidez%20e%20simplicidade.%22%7D%2C%7B%22title%22%3A%22Not%C3%ADcia%20em%20todo%20o%20Rio%20Grande%20do%20Sul%22%2C%22datetime%22%3A%221997%2F01%2F01%2000%3A00%22%2C%22text%22%3A%22As%20grandes%20conquistas%20n%C3%A3o%20pararam%20nunca%3B%20no%20ano%20de%201997%20a%20empresa%20teve%20mais%20um%20grande%20reconhecimento%20por%20parte%20de%20sua%20compet%C3%AAncia%20comercial%3A%20%E2%80%9CEfetuou%20a%20maior%20venda%20conjunta%20de%20m%C3%A1quinas%20e%20implementos%20agr%C3%ADcolas%20para%20um%20%C3%BAnico%20cliente%2C%20com%20a%20venda%20de%2032%20plantadeiras%20e%2028%20carretas%20graneleiras%20da%20ao%20Grupo%20Extremo%20Sul%E2%80%9D%2C%20sendo%20esta%20transa%C3%A7%C3%A3o%20comercial%20not%C3%ADcia%20em%20todo%20RS.%22%7D%2C%7B%22title%22%3A%22Nova%20Marca%20Comercial%22%2C%22datetime%22%3A%222006%2F01%2F01%2000%3A00%22%2C%22text%22%3A%22Esta%20marca%20comercial%20foi%20novamente%20atingida%20no%20ano%20de%202006%20quando%20houve%20a%20venda%20em%20uma%20%C3%BAnica%20negocia%C3%A7%C3%A3o%20de%20%E2%80%9C20%20plantadeiras%20e%2012%20carretas%20para%20o%20cliente%20Ricardo%20Gon%C3%A7alves%20Teixeira%20de%20Jaguar%C3%A3o%E2%80%9D.%22%7D%2C%7B%22title%22%3A%22Conven%C3%A7%C3%A3o%20Kuhn%20Mundial%22%2C%22datetime%22%3A%222010%2F01%2F01%2000%3A00%22%2C%22text%22%3A%22No%20ano%20de%202010%20a%20DAMACENO%20foi%20destacada%20entre%20as%2010%20mais%20importantes%20revendedoras%20do%20Brasil%20da%20marca%20Kuhn%3B%20convidada%20para%20participar%20da%20Conven%C3%A7%C3%A3o%20Kuhn%20Mundial%20realizada%20na%20Fran%C3%A7a%2C%20foi%20a%20%C3%BAnica%20revenda%20do%20Brasil%20autorizada%20a%20levar%20ao%20evento%20seus%20melhores%20clientes.%22%7D%2C%7B%22title%22%3A%22Kuhn%20do%20Brasil%22%2C%22datetime%22%3A%222012%2F01%2F01%2000%3A00%22%2C%22text%22%3A%22Em%202012%2C%20ap%C3%B3s%20muitas%20rejei%C3%A7%C3%B5es%2C%20a%20Kuhn%20do%20Brasil%20topou%20o%20desafio%20e%20uma%20m%C3%A1quina%20da%20esp%C3%A9cie%20foi%20importada%20do%20continente%20europeu%20para%20a%20DAMACENO%20para%20testes%20de%20plantio%20diretamente%20nas%20lavouras%20dos%20clientes%3B%20o%20projeto%20foi%20t%C3%A3o%20bem%20sucedido%20que%20s%C3%B3%20a%20m%C3%A1quina%20prot%C3%B3tipo%20plantou%20mais%20de%20mil%20hectares%20sem%20parar%2C%20com%20rendimento%20de%20at%C3%A9%20100ha%20por%20dia%20e%20uma%20singular%20qualidade%20de%20semeadura%3B%20resultado%20disso%20%C3%A9%20que%20a%20Kuhn%20da%20Fran%C3%A7a%20hoje%20fabrica%20a%20plantadeira%20em%20s%C3%A9rie%20e%20a%20vende%20para%20o%20mundo%20todo.%22%7D%2C%7B%22title%22%3A%22Amplia%C3%A7%C3%A3o%22%2C%22datetime%22%3A%222014%2F01%2F01%2000%3A00%22%2C%22text%22%3A%22Em%202014%20a%20DAMACENO%20deu%20outro%20grande%20passo%2C%20novamente%20de%20forma%20consciente%2C%20mas%20se%20adequando%20a%20demanda%20de%20melhor%20atender%20nossos%20clientes%20no%20setor%20de%20pe%C3%A7as%2C%20e%20tamb%C3%A9m%20em%20implementos%20agr%C3%ADcola.%20O%20in%C3%ADcio%20%C3%A0s%20obras%20de%20amplia%C3%A7%C3%A3o%20f%C3%ADsica%2C%20projeto%20este%20que%20conclu%C3%ADdo%20representar%C3%A1%20uma%20amplia%C3%A7%C3%A3o%20de%20400%25%20no%20espa%C3%A7o%20f%C3%ADsico%20visando%20atingir%20as%20necessidades%20do%20mercado%20que%20se%20alastra%20constantemente%20e%20a%20melhoria%20no%20atendimento%20dos%20clientes.%5CnTamb%C3%A9m%20em%202014%2C%20diante%20da%20crescente%20no%20mercado%20e%20das%20necessidades%20de%20organiza%C3%A7%C3%A3o%20interna%20e%20extens%C3%A3o%20no%20atendimento%20de%20regi%C3%B5es%20e%20clientes%2C%20foram%20definidos%20investimentos%20tais%20como%20contrata%C3%A7%C3%A3o%20de%20empresa%20de%20apoio%20para%20realiza%C3%A7%C3%A3o%20do%20Planejamento%20Estrat%C3%A9gico%20para%20o%20bi%C3%AAnio%202015%2F2016%2C%20mapeamento%20e%20reestrutura%C3%A7%C3%A3o%20dos%20processos%20operacionais%2C%20investimento%20em%20novo%20software%20de%20gest%C3%A3o%2C%20bem%20como%20capacita%C3%A7%C3%A3o%20e%20desenvolvimento%20dos%20nossos%20colaboradores.%22%7D%5D&#8221;][tm_spacer size=&#8221;lg:50&#8243;][\/vc_column][vc_column offset=&#8221;vc_col-lg-4&#8243;][tm_image image=&#8221;3662&#8243;][tm_spacer size=&#8221;lg:30&#8243;][tm_heading tag=&#8221;h2&#8243; custom_google_font=&#8221;&#8221; md_align=&#8221;left&#8221; sm_align=&#8221;left&#8221; xs_align=&#8221;left&#8221; text=&#8221;Miss\u00e3o&#8221; css=&#8221;.vc_custom_1622776263263{padding-bottom: 15px !important;}&#8221;][vc_column_text css_animation=&#8221;fadeInDown&#8221;]A miss\u00e3o define o que \u00e9 a organiza\u00e7\u00e3o hoje, seu prop\u00f3sito e como pretende atuar no seu dia-a-dia. Cria um clima de comprometimento dos dirigentes em seus diferentes n\u00edveis, bem como da equipe de colaboradores, com o trabalho que a organiza\u00e7\u00e3o realiza. &#8220;Oferecer ao Produtor Rural a melhor solu\u00e7\u00e3o em pe\u00e7as e implementos agr\u00edcola, por meio de um atendimento confi\u00e1vel e de qualidade&#8221;.[\/vc_column_text][tm_heading tag=&#8221;h2&#8243; custom_google_font=&#8221;&#8221; md_align=&#8221;left&#8221; sm_align=&#8221;left&#8221; xs_align=&#8221;left&#8221; text=&#8221;Vis\u00e3o&#8221; css=&#8221;.vc_custom_1622776326676{padding-top: 30px !important;padding-bottom: 15px !important;}&#8221;][vc_column_text css_animation=&#8221;fadeInDown&#8221;]A vis\u00e3o \u00e9 a idealiza\u00e7\u00e3o de um futuro desejado para a organiza\u00e7\u00e3o. Ela deve ser clara e estar em permanente visibilidade. Assim, ficou definido como vis\u00e3o de futuro para atingir at\u00e9 2016 para a DAMACENO: &#8220;Se tornar o principal fornecedor de pe\u00e7as e implementos agr\u00edcola em nossa regi\u00e3o de atua\u00e7\u00e3o, reconhecido pela qualidade e confian\u00e7a de nossos produtos e servi\u00e7os&#8221;.[\/vc_column_text][tm_heading tag=&#8221;h2&#8243; custom_google_font=&#8221;&#8221; md_align=&#8221;left&#8221; sm_align=&#8221;left&#8221; xs_align=&#8221;left&#8221; text=&#8221;Valores&#8221; css=&#8221;.vc_custom_1622776342456{padding-top: 30px !important;padding-bottom: 15px !important;}&#8221;][vc_column_text css_animation=&#8221;fadeInDown&#8221;]Valores Institucionais s\u00e3o as ideias fundamentais em torno das quais se constr\u00f3i uma organiza\u00e7\u00e3o. Representam as convic\u00e7\u00f5es dominantes e as cren\u00e7as b\u00e1sicas que norteiam a atua\u00e7\u00e3o da organiza\u00e7\u00e3o, sendo um compromisso institucional. Confian\u00e7a e compromisso com o Cliente Qualidade em pe\u00e7as e implementos agr\u00edcolas Simplicidade com Inova\u00e7\u00e3o e Tecnologia Investimento em Capacita\u00e7\u00e3o T\u00e9cnica e Humana Responsabilidade com Resultado Conhecimento em busca do melhor para o cliente Aproxima\u00e7\u00e3o no relacionamento com clientes internos\/externos Valoriza\u00e7\u00e3o dos nossos colaboradores [\/vc_column_text][\/vc_column][\/vc_row]<\/p>\n","protected":false},"author":1,"featured_media":0,"parent":0,"menu_order":0,"comment_status":"closed","ping_status":"closed","template":"","meta":{"footnotes":""},"class_list":["post-422","page","type-page","status-publish","hentry"],"_links":{"self":[{"href":"https:\/\/www.damacenoagricola.com.br\/site\/wp-json\/wp\/v2\/pages\/422","targetHints":{"allow":["GET"]}}],"collection":[{"href":"https:\/\/www.damacenoagricola.com.br\/site\/wp-json\/wp\/v2\/pages"}],"about":[{"href":"https:\/\/www.damacenoagricola.com.br\/site\/wp-json\/wp\/v2\/types\/page"}],"author":[{"embeddable":true,"href":"https:\/\/www.damacenoagricola.com.br\/site\/wp-json\/wp\/v2\/users\/1"}],"replies":[{"embeddable":true,"href":"https:\/\/www.damacenoagricola.com.br\/site\/wp-json\/wp\/v2\/comments?post=422"}],"version-history":[{"count":9,"href":"https:\/\/www.damacenoagricola.com.br\/site\/wp-json\/wp\/v2\/pages\/422\/revisions"}],"predecessor-version":[{"id":3645,"href":"https:\/\/www.damacenoagricola.com.br\/site\/wp-json\/wp\/v2\/pages\/422\/revisions\/3645"}],"wp:attachment":[{"href":"https:\/\/www.damacenoagricola.com.br\/site\/wp-json\/wp\/v2\/media?parent=422"}],"curies":[{"name":"wp","href":"https:\/\/api.w.org\/{rel}","templated":true}]}}