{"id":3545,"date":"2018-08-02T07:25:22","date_gmt":"2018-08-02T07:25:22","guid":{"rendered":"http:\/\/www.damacenoagricola.com.br\/site\/contact-us-01-2\/"},"modified":"2021-06-14T13:19:10","modified_gmt":"2021-06-14T16:19:10","slug":"contato","status":"publish","type":"page","link":"https:\/\/www.damacenoagricola.com.br\/site\/contato\/","title":{"rendered":"Contato"},"content":{"rendered":"<p>[vc_row full_width=&#8221;stretch_row_content_no_spaces&#8221;][vc_column][\/vc_column][\/vc_row][vc_row][vc_column][tm_spacer size=&#8221;lg:70&#8243;][tm_heading tag=&#8221;div&#8221; custom_google_font=&#8221;&#8221; google_fonts=&#8221;font_family:Poppins%3A300%2Cregular%2C500%2C600%2C700|font_style:700%20bold%20regular%3A700%3Anormal&#8221; font_weight=&#8221;700&#8243; align=&#8221;center&#8221; text_color=&#8221;secondary&#8221; text=&#8221;Fale Conosco, preencha o formul\u00e1rio abaixo&#8221; line_height=&#8221;1&#8243; font_size=&#8221;lg:40&#8243; css=&#8221;.vc_custom_1623682431758{margin-bottom: 10px !important;}&#8221;][vc_column_text]Quer solicitar um or\u00e7amento ou conversar com algum de nossos vendedores? Deixe seu nome, n\u00famero de WhatsApp ou E-mail que, em breve, nosso time entrar\u00e1 em contato.[\/vc_column_text][tm_spacer size=&#8221;lg:70&#8243;][vc_column_text]<\/p>\n<div class=\"qwary-widget\"><\/div>\n<p><script type=\"text\/javascript\" src=\"https:\/\/static.qwary.com\/resources\/sdk\/qwary.sdk.js\"> <\/script><script>window.qwarySettings = {surveyId : '3Y6A066rNaDrV17TDvQBN3XbbaRXEIAFh247EsiIBQQ=',popupHeight : '450px',popupWidth : '100%',layout : 'inline',container: 'qwary-widget'};qwary.survey();<\/script>[\/vc_column_text][tm_spacer size=&#8221;lg:120&#8243;][\/vc_column][\/vc_row][vc_row][vc_column][\/vc_column][\/vc_row]<\/p>\n","protected":false},"excerpt":{"rendered":"<p>[vc_row full_width=&#8221;stretch_row_content_no_spaces&#8221;][vc_column][\/vc_column][\/vc_row][vc_row][vc_column][tm_spacer size=&#8221;lg:70&#8243;][tm_heading tag=&#8221;div&#8221; custom_google_font=&#8221;&#8221; google_fonts=&#8221;font_family:Poppins%3A300%2Cregular%2C500%2C600%2C700|font_style:700%20bold%20regular%3A700%3Anormal&#8221; font_weight=&#8221;700&#8243; align=&#8221;center&#8221; text_color=&#8221;secondary&#8221; text=&#8221;Fale Conosco, preencha o formul\u00e1rio abaixo&#8221; line_height=&#8221;1&#8243; font_size=&#8221;lg:40&#8243; css=&#8221;.vc_custom_1623682431758{margin-bottom: 10px !important;}&#8221;][vc_column_text]Quer solicitar um or\u00e7amento ou conversar com algum de nossos vendedores? Deixe seu nome, n\u00famero de WhatsApp ou E-mail que, em breve, nosso time entrar\u00e1 em contato.[\/vc_column_text][tm_spacer size=&#8221;lg:70&#8243;][vc_column_text] [\/vc_column_text][tm_spacer size=&#8221;lg:120&#8243;][\/vc_column][\/vc_row][vc_row][vc_column][\/vc_column][\/vc_row]<\/p>\n","protected":false},"author":1,"featured_media":0,"parent":0,"menu_order":0,"comment_status":"closed","ping_status":"closed","template":"","meta":{"footnotes":""},"class_list":["post-3545","page","type-page","status-publish","hentry"],"_links":{"self":[{"href":"https:\/\/www.damacenoagricola.com.br\/site\/wp-json\/wp\/v2\/pages\/3545","targetHints":{"allow":["GET"]}}],"collection":[{"href":"https:\/\/www.damacenoagricola.com.br\/site\/wp-json\/wp\/v2\/pages"}],"about":[{"href":"https:\/\/www.damacenoagricola.com.br\/site\/wp-json\/wp\/v2\/types\/page"}],"author":[{"embeddable":true,"href":"https:\/\/www.damacenoagricola.com.br\/site\/wp-json\/wp\/v2\/users\/1"}],"replies":[{"embeddable":true,"href":"https:\/\/www.damacenoagricola.com.br\/site\/wp-json\/wp\/v2\/comments?post=3545"}],"version-history":[{"count":4,"href":"https:\/\/www.damacenoagricola.com.br\/site\/wp-json\/wp\/v2\/pages\/3545\/revisions"}],"predecessor-version":[{"id":3764,"href":"https:\/\/www.damacenoagricola.com.br\/site\/wp-json\/wp\/v2\/pages\/3545\/revisions\/3764"}],"wp:attachment":[{"href":"https:\/\/www.damacenoagricola.com.br\/site\/wp-json\/wp\/v2\/media?parent=3545"}],"curies":[{"name":"wp","href":"https:\/\/api.w.org\/{rel}","templated":true}]}}