{"id":3523,"date":"2018-07-23T06:54:24","date_gmt":"2018-07-23T06:54:24","guid":{"rendered":"http:\/\/www.damacenoagricola.com.br\/site\/partners-clients-2\/"},"modified":"2021-06-06T17:31:29","modified_gmt":"2021-06-06T20:31:29","slug":"cliente-master","status":"publish","type":"page","link":"https:\/\/www.damacenoagricola.com.br\/site\/cliente-master\/","title":{"rendered":"Cliente Master"},"content":{"rendered":"<p>[vc_row lg_spacing=&#8221;padding_top:100;padding_bottom:50&#8243;][vc_column offset=&#8221;vc_col-lg-8&#8243;][tm_heading tag=&#8221;div&#8221; custom_google_font=&#8221;&#8221; text=&#8221;Nossa carteira de clientes \u00e9, por excel\u00eancia, diferenciada. Priorizamos o atendimento de qualidade aos produtores rurais com esp\u00edrito empreendedor, que priorizam a gest\u00e3o do agroneg\u00f3cio sob a vis\u00e3o empresarial, de produ\u00e7\u00e3o com resultados e redu\u00e7\u00e3o de custos. Dentro desse cadastro diferenciado de clientes, \u00e9 poss\u00edvel destacar aqueles que possuem uma rela\u00e7\u00e3o com a Damaceno e evidenciam, ao passar dos anos, elementos que os tornam Cliente Master.&#8221;][tm_spacer size=&#8221;lg:30&#8243;][tm_attribute_list attributes=&#8221;%5B%7B%22icon_ion%22%3A%22ion-android-cart%22%2C%22value%22%3A%22Condi%C3%A7%C3%B5es%20especiais%20de%20pre%C3%A7o%22%7D%2C%7B%22icon_ion%22%3A%22ion-ios-pricetag%22%2C%22value%22%3A%22Condi%C3%A7%C3%B5es%20de%20pagamento%22%7D%2C%7B%22icon_ion%22%3A%22ion-android-done-all%22%2C%22value%22%3A%22Prioridade%20na%20entrega%20de%20produtos%22%7D%2C%7B%22icon_ion%22%3A%22ion-cube%22%2C%22value%22%3A%22Prefer%C3%AAncia%20em%20servi%C3%A7os%20de%20p%C3%B3s-venda%22%7D%5D&#8221;][\/vc_column][vc_column offset=&#8221;vc_col-lg-4&#8243;][tm_spacer size=&#8221;lg:30&#8243;][tm_image image=&#8221;3662&#8243;][tm_spacer size=&#8221;lg:50&#8243;][\/vc_column][\/vc_row]<\/p>\n","protected":false},"excerpt":{"rendered":"<p>[vc_row lg_spacing=&#8221;padding_top:100;padding_bottom:50&#8243;][vc_column offset=&#8221;vc_col-lg-8&#8243;][tm_heading tag=&#8221;div&#8221; custom_google_font=&#8221;&#8221; text=&#8221;Nossa carteira de clientes \u00e9, por excel\u00eancia, diferenciada. Priorizamos o atendimento de qualidade aos produtores rurais com esp\u00edrito empreendedor, que priorizam a gest\u00e3o do agroneg\u00f3cio sob a vis\u00e3o empresarial, de produ\u00e7\u00e3o com resultados e redu\u00e7\u00e3o de custos. Dentro desse cadastro diferenciado de clientes, \u00e9 poss\u00edvel destacar aqueles que possuem uma rela\u00e7\u00e3o com a Damaceno e evidenciam, ao passar dos anos, elementos que os tornam Cliente Master.&#8221;][tm_spacer size=&#8221;lg:30&#8243;][tm_attribute_list attributes=&#8221;%5B%7B%22icon_ion%22%3A%22ion-android-cart%22%2C%22value%22%3A%22Condi%C3%A7%C3%B5es%20especiais%20de%20pre%C3%A7o%22%7D%2C%7B%22icon_ion%22%3A%22ion-ios-pricetag%22%2C%22value%22%3A%22Condi%C3%A7%C3%B5es%20de%20pagamento%22%7D%2C%7B%22icon_ion%22%3A%22ion-android-done-all%22%2C%22value%22%3A%22Prioridade%20na%20entrega%20de%20produtos%22%7D%2C%7B%22icon_ion%22%3A%22ion-cube%22%2C%22value%22%3A%22Prefer%C3%AAncia%20em%20servi%C3%A7os%20de%20p%C3%B3s-venda%22%7D%5D&#8221;][\/vc_column][vc_column offset=&#8221;vc_col-lg-4&#8243;][tm_spacer size=&#8221;lg:30&#8243;][tm_image image=&#8221;3662&#8243;][tm_spacer size=&#8221;lg:50&#8243;][\/vc_column][\/vc_row]<\/p>\n","protected":false},"author":1,"featured_media":0,"parent":0,"menu_order":0,"comment_status":"closed","ping_status":"closed","template":"","meta":{"footnotes":""},"class_list":["post-3523","page","type-page","status-publish","hentry"],"_links":{"self":[{"href":"https:\/\/www.damacenoagricola.com.br\/site\/wp-json\/wp\/v2\/pages\/3523","targetHints":{"allow":["GET"]}}],"collection":[{"href":"https:\/\/www.damacenoagricola.com.br\/site\/wp-json\/wp\/v2\/pages"}],"about":[{"href":"https:\/\/www.damacenoagricola.com.br\/site\/wp-json\/wp\/v2\/types\/page"}],"author":[{"embeddable":true,"href":"https:\/\/www.damacenoagricola.com.br\/site\/wp-json\/wp\/v2\/users\/1"}],"replies":[{"embeddable":true,"href":"https:\/\/www.damacenoagricola.com.br\/site\/wp-json\/wp\/v2\/comments?post=3523"}],"version-history":[{"count":6,"href":"https:\/\/www.damacenoagricola.com.br\/site\/wp-json\/wp\/v2\/pages\/3523\/revisions"}],"predecessor-version":[{"id":3664,"href":"https:\/\/www.damacenoagricola.com.br\/site\/wp-json\/wp\/v2\/pages\/3523\/revisions\/3664"}],"wp:attachment":[{"href":"https:\/\/www.damacenoagricola.com.br\/site\/wp-json\/wp\/v2\/media?parent=3523"}],"curies":[{"name":"wp","href":"https:\/\/api.w.org\/{rel}","templated":true}]}}