{"id":174,"date":"2018-07-17T03:50:23","date_gmt":"2018-07-17T03:50:23","guid":{"rendered":"http:\/\/www.damacenoagricola.com.br\/site\/leadership\/"},"modified":"2021-06-14T12:58:45","modified_gmt":"2021-06-14T15:58:45","slug":"servicos","status":"publish","type":"page","link":"https:\/\/www.damacenoagricola.com.br\/site\/servicos\/","title":{"rendered":"Servi\u00e7os"},"content":{"rendered":"<p>[vc_row sm_spacing=&#8221;margin_top:5&#8243;][vc_column][vc_row_inner][vc_column_inner][tm_heading style=&#8221;multiweight&#8221; tag=&#8221;div&#8221; custom_google_font=&#8221;&#8221; font_weight=&#8221;700&#8243; align=&#8221;center&#8221; md_align=&#8221;center&#8221; sm_align=&#8221;center&#8221; xs_align=&#8221;center&#8221; text_color=&#8221;custom&#8221; custom_text_color=&#8221;#424242&#8243; text=&#8221;Assist\u00eancia T\u00e9cnica para ajud\u00e1-lo(a) em emerg\u00eancias rurais&#8221; font_size=&#8221;lg:27&#8243; line_height=&#8221;54px&#8221; css=&#8221;.vc_custom_1623686709357{margin-top: 10px !important;margin-bottom: 30px !important;padding-top: 15px !important;padding-right: 15px !important;padding-bottom: 15px !important;padding-left: 15px !important;}&#8221;][\/vc_column_inner][\/vc_row_inner][vc_row_inner lg_spacing=&#8221;margin_top:-200&#8243;][vc_column_inner width=&#8221;1\/3&#8243;][tm_box_icon style=&#8221;8&#8243; image=&#8221;3633&#8243; heading=&#8221;Assist\u00eancia T\u00e9cnica&#8221; text=&#8221;Al\u00e9m da garantia dos produtos vendidos, a Damaceno conta com estoque para reposi\u00e7\u00e3o imediata de pe\u00e7as para as m\u00e1quinas e implementos. Tamb\u00e9m, a empresa disp\u00f5e de equipe t\u00e9cnica capacitada e apta para atender o cliente sempre que necess\u00e1rio. Esse grupo de colaboradores realiza os servi\u00e7os desde regulagens at\u00e9 consertos, substitui\u00e7\u00e3o de pe\u00e7as e, inclusive, treinamentos de operadores, se assim o cliente solicitar.&#8221;][\/vc_column_inner][vc_column_inner width=&#8221;1\/3&#8243;][tm_box_icon style=&#8221;8&#8243; image=&#8221;3629&#8243; heading=&#8221;Entrega T\u00e9cnica&#8221; text=&#8221;O produtor rural parceiro da Damaceno adquire a garantia de entrega t\u00e9cnica das m\u00e1quinas e implementos. Os t\u00e9cnicos que comp\u00f5em o quadro s\u00e3o treinados para montagem dos produtos e para disponibilizar ao cliente o treinamento sobre as regulagens e funcionalidades dessas m\u00e1quinas e implementos imediatamente ap\u00f3s a descarga em suas propriedades. Isso garante ao cliente o aproveitamento m\u00e1ximo das tecnologias e qualidades que cada produto oferece e a capacita\u00e7\u00e3o dos operadores para utiliz\u00e1-los com a m\u00e1xima perfei\u00e7\u00e3o t\u00e9cnica.&#8221;][\/vc_column_inner][vc_column_inner width=&#8221;1\/3&#8243;][tm_box_icon style=&#8221;8&#8243; image=&#8221;3631&#8243; heading=&#8221;Fena\u00e7\u00e3o&#8221; text=&#8221;A AGROSERV \u00e9 uma empresa afiliada \u00e0 Damaceno Implementos Agr\u00edcolas e oferta ao mercado do setor prim\u00e1rio os servi\u00e7os de fena\u00e7\u00e3o, desde o corte at\u00e9 a embalagem dos fardos com produtos de ponta.&#8221;][\/vc_column_inner][\/vc_row_inner][\/vc_column][\/vc_row]<\/p>\n","protected":false},"excerpt":{"rendered":"<p>[vc_row sm_spacing=&#8221;margin_top:5&#8243;][vc_column][vc_row_inner][vc_column_inner][tm_heading style=&#8221;multiweight&#8221; tag=&#8221;div&#8221; custom_google_font=&#8221;&#8221; font_weight=&#8221;700&#8243; align=&#8221;center&#8221; md_align=&#8221;center&#8221; sm_align=&#8221;center&#8221; xs_align=&#8221;center&#8221; text_color=&#8221;custom&#8221; custom_text_color=&#8221;#424242&#8243; text=&#8221;Assist\u00eancia T\u00e9cnica para ajud\u00e1-lo(a) em emerg\u00eancias rurais&#8221; font_size=&#8221;lg:27&#8243; line_height=&#8221;54px&#8221; css=&#8221;.vc_custom_1623686709357{margin-top: 10px !important;margin-bottom: 30px !important;padding-top: 15px !important;padding-right: 15px !important;padding-bottom: 15px !important;padding-left: 15px !important;}&#8221;][\/vc_column_inner][\/vc_row_inner][vc_row_inner lg_spacing=&#8221;margin_top:-200&#8243;][vc_column_inner width=&#8221;1\/3&#8243;][tm_box_icon style=&#8221;8&#8243; image=&#8221;3633&#8243; heading=&#8221;Assist\u00eancia T\u00e9cnica&#8221; text=&#8221;Al\u00e9m da garantia dos produtos vendidos, a Damaceno conta com estoque para reposi\u00e7\u00e3o imediata de pe\u00e7as para as m\u00e1quinas e implementos. Tamb\u00e9m, a empresa disp\u00f5e de equipe t\u00e9cnica capacitada e apta para atender o cliente sempre que necess\u00e1rio. Esse grupo de colaboradores realiza os servi\u00e7os desde regulagens at\u00e9 consertos, substitui\u00e7\u00e3o de pe\u00e7as e, inclusive, treinamentos de operadores, se assim o cliente solicitar.&#8221;][\/vc_column_inner][vc_column_inner width=&#8221;1\/3&#8243;][tm_box_icon style=&#8221;8&#8243; image=&#8221;3629&#8243; heading=&#8221;Entrega T\u00e9cnica&#8221; text=&#8221;O produtor rural parceiro da Damaceno adquire a garantia de entrega t\u00e9cnica das m\u00e1quinas e implementos. Os t\u00e9cnicos que comp\u00f5em o quadro s\u00e3o treinados para montagem dos produtos e para disponibilizar ao cliente o treinamento sobre as regulagens e funcionalidades dessas m\u00e1quinas e implementos imediatamente ap\u00f3s a descarga em suas propriedades. Isso garante ao cliente o aproveitamento m\u00e1ximo das tecnologias e qualidades que cada produto oferece e a capacita\u00e7\u00e3o dos operadores para utiliz\u00e1-los com a m\u00e1xima perfei\u00e7\u00e3o t\u00e9cnica.&#8221;][\/vc_column_inner][vc_column_inner width=&#8221;1\/3&#8243;][tm_box_icon style=&#8221;8&#8243; image=&#8221;3631&#8243; heading=&#8221;Fena\u00e7\u00e3o&#8221; text=&#8221;A AGROSERV \u00e9 uma empresa afiliada \u00e0 Damaceno Implementos Agr\u00edcolas e oferta ao mercado do setor prim\u00e1rio os servi\u00e7os de fena\u00e7\u00e3o, desde o corte at\u00e9 a embalagem dos fardos com produtos de ponta.&#8221;][\/vc_column_inner][\/vc_row_inner][\/vc_column][\/vc_row]<\/p>\n","protected":false},"author":1,"featured_media":0,"parent":0,"menu_order":0,"comment_status":"closed","ping_status":"closed","template":"","meta":{"footnotes":""},"class_list":["post-174","page","type-page","status-publish","hentry"],"_links":{"self":[{"href":"https:\/\/www.damacenoagricola.com.br\/site\/wp-json\/wp\/v2\/pages\/174","targetHints":{"allow":["GET"]}}],"collection":[{"href":"https:\/\/www.damacenoagricola.com.br\/site\/wp-json\/wp\/v2\/pages"}],"about":[{"href":"https:\/\/www.damacenoagricola.com.br\/site\/wp-json\/wp\/v2\/types\/page"}],"author":[{"embeddable":true,"href":"https:\/\/www.damacenoagricola.com.br\/site\/wp-json\/wp\/v2\/users\/1"}],"replies":[{"embeddable":true,"href":"https:\/\/www.damacenoagricola.com.br\/site\/wp-json\/wp\/v2\/comments?post=174"}],"version-history":[{"count":19,"href":"https:\/\/www.damacenoagricola.com.br\/site\/wp-json\/wp\/v2\/pages\/174\/revisions"}],"predecessor-version":[{"id":3761,"href":"https:\/\/www.damacenoagricola.com.br\/site\/wp-json\/wp\/v2\/pages\/174\/revisions\/3761"}],"wp:attachment":[{"href":"https:\/\/www.damacenoagricola.com.br\/site\/wp-json\/wp\/v2\/media?parent=174"}],"curies":[{"name":"wp","href":"https:\/\/api.w.org\/{rel}","templated":true}]}}