{"id":2002,"date":"2018-08-16T03:40:01","date_gmt":"2018-08-16T03:40:01","guid":{"rendered":"http:\/\/www.damacenoagricola.com.br\/site\/main-homepage\/"},"modified":"2021-06-14T12:51:01","modified_gmt":"2021-06-14T15:51:01","slug":"main-homepage","status":"publish","type":"page","link":"http:\/\/www.damacenoagricola.com.br\/site\/","title":{"rendered":"Principal"},"content":{"rendered":"<p>[vc_row full_width=&#8221;stretch_row_content_no_spaces&#8221;][vc_column]\n\t\t\t<!-- START Home REVOLUTION SLIDER 6.4.8 --><p class=\"rs-p-wp-fix\"><\/p>\n\t\t\t<rs-module-wrap id=\"rev_slider_11_1_wrapper\" data-source=\"gallery\" style=\"background:transparent;padding:0;margin:0px auto;margin-top:0;margin-bottom:0;\">\n\t\t\t\t<rs-module id=\"rev_slider_11_1\" style=\"\" data-version=\"6.4.8\">\n\t\t\t\t\t<rs-slides>\n\t\t\t\t\t\t<rs-slide data-key=\"rs-15\" data-title=\"Slide\" data-anim=\"ms:800;\" data-in=\"o:0;\" data-out=\"a:false;\" data-d3=\"f:incube;z:400;\" data-mediafilter=\"rise\">\n\t\t\t\t\t\t\t<img loading=\"lazy\" decoding=\"async\" src=\"\/\/www.damacenoagricola.com.br\/site\/wp-content\/uploads\/2021\/06\/slide01.jpg\" title=\"slide01\" width=\"1920\" height=\"1080\" class=\"rev-slidebg tp-rs-img\" data-panzoom=\"d:10000;ss:100;se:110%;\" data-no-retina>\n<!--\n\t\t\t\t\t\t\t--><rs-layer\n\t\t\t\t\t\t\t\tid=\"slider-11-slide-15-layer-0\" \n\t\t\t\t\t\t\t\tdata-type=\"image\"\n\t\t\t\t\t\t\t\tdata-rsp_ch=\"on\"\n\t\t\t\t\t\t\t\tdata-xy=\"x:c;xo:178px,0,0,0;yo:37px,74px,28px,136px;\"\n\t\t\t\t\t\t\t\tdata-text=\"w:normal;s:20,10,7,4;l:0,13,9,6;\"\n\t\t\t\t\t\t\t\tdata-dim=\"w:507.988px,545px,575px,464px;h:286px,306px,323px,261px;\"\n\t\t\t\t\t\t\t\tdata-frame_999=\"o:0;st:w;\"\n\t\t\t\t\t\t\t\tstyle=\"z-index:11;\"\n\t\t\t\t\t\t\t><img loading=\"lazy\" decoding=\"async\" src=\"\/\/www.damacenoagricola.com.br\/site\/wp-content\/uploads\/2018\/07\/DAMACENO_Reducao-Ano-1.png\" class=\"tp-rs-img\" width=\"393\" height=\"221\" data-no-retina> \n\t\t\t\t\t\t\t<\/rs-layer><!--\n\n\t\t\t\t\t\t\t--><rs-layer\n\t\t\t\t\t\t\t\tid=\"slider-11-slide-15-layer-2\" \n\t\t\t\t\t\t\t\tdata-type=\"text\"\n\t\t\t\t\t\t\t\tdata-xy=\"x:c;xo:184px,0,-1px,0;y:b,t,t,t;yo:117px,397px,293px,373px;\"\n\t\t\t\t\t\t\t\tdata-text=\"w:normal;s:90,70,60,40;l:105,85,75,54;fw:900,900,700,900;a:center;\"\n\t\t\t\t\t\t\t\tdata-dim=\"w:800px,600px,500px,350px;\"\n\t\t\t\t\t\t\t\tdata-frame_0=\"x:50px;\"\n\t\t\t\t\t\t\t\tdata-frame_1=\"e:none;st:940;sR:930;\"\n\t\t\t\t\t\t\t\tdata-frame_999=\"o:0;st:w;sR:7760;\"\n\t\t\t\t\t\t\t\tstyle=\"z-index:10;font-family:Roboto;\"\n\t\t\t\t\t\t\t>Sempre buscando elevar o n\u00edvel do <b>agroneg\u00f3cio.<\/b> \n\t\t\t\t\t\t\t<\/rs-layer><!--\n-->\t\t\t\t\t\t<\/rs-slide>\n\t\t\t\t\t<\/rs-slides>\n\t\t\t\t<\/rs-module>\n\t\t\t\t<script type=\"text\/javascript\">\n\t\t\t\t\tsetREVStartSize({c: 'rev_slider_11_1',rl:[1240,1024,778,480],el:[790,768,760,720],gw:[1920,1024,778,480],gh:[790,768,760,720],type:'standard',justify:'',layout:'fullwidth',mh:\"790\"});\n\t\t\t\t\tvar\trevapi11,\n\t\t\t\t\t\ttpj;\n\t\t\t\t\tfunction revinit_revslider111() {\n\t\t\t\t\tjQuery(function() {\n\t\t\t\t\t\ttpj = jQuery;\n\t\t\t\t\t\trevapi11 = tpj(\"#rev_slider_11_1\");\n\t\t\t\t\t\tif(revapi11==undefined || revapi11.revolution == undefined){\n\t\t\t\t\t\t\trevslider_showDoubleJqueryError(\"rev_slider_11_1\");\n\t\t\t\t\t\t}else{\n\t\t\t\t\t\t\trevapi11.revolution({\n\t\t\t\t\t\t\t\tDPR:\"dpr\",\n\t\t\t\t\t\t\t\tsliderLayout:\"fullwidth\",\n\t\t\t\t\t\t\t\tvisibilityLevels:\"1240,1024,778,480\",\n\t\t\t\t\t\t\t\tgridwidth:\"1920,1024,778,480\",\n\t\t\t\t\t\t\t\tgridheight:\"790,768,760,720\",\n\t\t\t\t\t\t\t\tminHeight:790,\n\t\t\t\t\t\t\t\tspinner:\"spinner3\",\n\t\t\t\t\t\t\t\tperspective:600,\n\t\t\t\t\t\t\t\tperspectiveType:\"local\",\n\t\t\t\t\t\t\t\teditorheight:\"790,768,760,720\",\n\t\t\t\t\t\t\t\tresponsiveLevels:\"1240,1024,778,480\",\n\t\t\t\t\t\t\t\tprogressBar: {\n\t\t\t\t\t\t\t\t\tcolor:\"rgba(0,0,0,0.15)\",\n\t\t\t\t\t\t\t\t\tvertical:\"top\",\n\t\t\t\t\t\t\t\t\tsize:5,\n\t\t\t\t\t\t\t\t\tx:0,\n\t\t\t\t\t\t\t\t\ty:0\n\t\t\t\t\t\t\t\t},\n\t\t\t\t\t\t\t\tnavigation: {\n\t\t\t\t\t\t\t\t\tonHoverStop:false\n\t\t\t\t\t\t\t\t},\n\t\t\t\t\t\t\t\tfallbacks: {\n\t\t\t\t\t\t\t\t\tallowHTML5AutoPlayOnAndroid:true\n\t\t\t\t\t\t\t\t},\n\t\t\t\t\t\t\t});\n\t\t\t\t\t\t}\n\t\t\t\t\t\t\n\t\t\t\t\t});\n\t\t\t\t\t} \/\/ End of RevInitScript\n\t\t\t\tvar once_revslider111 = false;\n\t\t\t\tif (document.readyState === \"loading\") {document.addEventListener('readystatechange',function() { if((document.readyState === \"interactive\" || document.readyState === \"complete\") && !once_revslider111 ) { once_revslider111 = true; revinit_revslider111();}});} else {once_revslider111 = true; revinit_revslider111();}\n\t\t\t\t<\/script>\n\t\t\t\t<script>\n\t\t\t\t\tvar htmlDivCss = unescape(\"%23rev_slider_11_1_wrapper%20rs-loader.spinner3%20div%20%7B%20background-color%3A%20%23FFFFFF%20%21important%3B%20%7D\");\n\t\t\t\t\tvar htmlDiv = document.getElementById('rs-plugin-settings-inline-css');\n\t\t\t\t\tif(htmlDiv) {\n\t\t\t\t\t\thtmlDiv.innerHTML = htmlDiv.innerHTML + htmlDivCss;\n\t\t\t\t\t}else{\n\t\t\t\t\t\tvar htmlDiv = document.createElement('div');\n\t\t\t\t\t\thtmlDiv.innerHTML = '<style>' + htmlDivCss + '<\/style>';\n\t\t\t\t\t\tdocument.getElementsByTagName('head')[0].appendChild(htmlDiv.childNodes[0]);\n\t\t\t\t\t}\n\t\t\t\t<\/script>\n\t\t\t<\/rs-module-wrap>\n\t\t\t<!-- END REVOLUTION SLIDER -->\n[\/vc_column][\/vc_row][vc_row full_width=&#8221;stretch_row&#8221; content_placement=&#8221;middle&#8221; lg_spacing=&#8221;padding_top:125;padding_bottom:125&#8243; background_image=&#8221;2267&#8243; background_position=&#8221;center&#8221;][vc_column width=&#8221;1\/2&#8243;][tm_heading style=&#8221;with-separator-05&#8243; tag=&#8221;div&#8221; custom_google_font=&#8221;&#8221; font_weight=&#8221;700&#8243; text_color=&#8221;secondary&#8221; text=&#8221;O Lugar Onde Voc\u00ea Encontra M\u00e1quinas, Pe\u00e7as e Implementos Agr\u00edcolas&#8221; font_size=&#8221;lg:40&#8243; line_height=&#8221;54px&#8221; css=&#8221;.vc_custom_1622772147097{margin-bottom: 30px !important;}&#8221;][\/vc_column][vc_column width=&#8221;1\/2&#8243;][tm_heading tag=&#8221;div&#8221; custom_google_font=&#8221;&#8221; text=&#8221;A Damaceno foi fundada no ano de 1971 por Valdemir Damaceno, que iniciou o neg\u00f3cio vendendo perfumaria e artigos para casa no interior de Cangu\u00e7u, Pelotas e regi\u00e3o.&#8221; line_height=&#8221;28px&#8221; css=&#8221;.vc_custom_1622772163997{margin-bottom: 30px !important;}&#8221; font_size=&#8221;lg:18&#8243;][tm_button style=&#8221;modern&#8221; size=&#8221;sm&#8221; button=&#8221;url:http%3A%2F%2Fwww.damacenoagricola.com.br%2Fsite%2Fhistoria%2F|title:Conhe%C3%A7a%20Nossa%20Hist%C3%B3ria&#8221;][\/vc_column][\/vc_row][vc_row full_width=&#8221;stretch_row&#8221; background_color=&#8221;custom&#8221; lg_spacing=&#8221;padding_top:0;padding_bottom:80&#8243; custom_background_color=&#8221;#f7f7f7&#8243;][vc_column][vc_row_inner][vc_column_inner][tm_heading style=&#8221;multiweight&#8221; tag=&#8221;div&#8221; custom_google_font=&#8221;&#8221; font_weight=&#8221;700&#8243; align=&#8221;center&#8221; md_align=&#8221;center&#8221; sm_align=&#8221;center&#8221; xs_align=&#8221;center&#8221; text_color=&#8221;secondary&#8221; text=&#8221;Assist\u00eancia T\u00e9cnica para ajud\u00e1-lo(a) em emerg\u00eancias rurais&#8221; font_size=&#8221;lg:27&#8243; line_height=&#8221;54px&#8221; css=&#8221;.vc_custom_1622774382905{margin-top: 30px !important;margin-bottom: 30px !important;padding-top: 15px !important;padding-right: 15px !important;padding-bottom: 15px !important;padding-left: 15px !important;}&#8221;][\/vc_column_inner][\/vc_row_inner][vc_row_inner lg_spacing=&#8221;margin_top:-200&#8243;][vc_column_inner width=&#8221;1\/3&#8243;][tm_box_icon style=&#8221;8&#8243; image=&#8221;3633&#8243; heading=&#8221;Assist\u00eancia T\u00e9cnica&#8221; text=&#8221;Al\u00e9m da garantia dos produtos vendidos, a Damaceno conta com estoque para reposi\u00e7\u00e3o imediata de pe\u00e7as para as m\u00e1quinas e implementos. Tamb\u00e9m, a empresa disp\u00f5e de equipe t\u00e9cnica capacitada e apta para atender o cliente sempre que necess\u00e1rio.&#8221; button=&#8221;url:%23|title:Ler%20Mais&#8221;][\/vc_column_inner][vc_column_inner width=&#8221;1\/3&#8243;][tm_box_icon style=&#8221;8&#8243; image=&#8221;3629&#8243; heading=&#8221;Entrega T\u00e9cnica&#8221; text=&#8221;O produtor rural parceiro da Damaceno adquire a garantia de entrega t\u00e9cnica das m\u00e1quinas e implementos. Isso garante ao cliente o aproveitamento m\u00e1ximo das tecnologias e qualidades que cada produto oferece e a capacita\u00e7\u00e3o dos operadores para utiliz\u00e1-los com a m\u00e1xima perfei\u00e7\u00e3o t\u00e9cnica.&#8221; button=&#8221;url:%23|title:Ler%20Mais&#8221;][\/vc_column_inner][vc_column_inner width=&#8221;1\/3&#8243;][tm_box_icon style=&#8221;8&#8243; image=&#8221;3631&#8243; heading=&#8221;Fena\u00e7\u00e3o&#8221; text=&#8221;A AGROSERV \u00e9 uma empresa afiliada \u00e0 Damaceno Implementos Agr\u00edcolas e oferta ao mercado do setor prim\u00e1rio os servi\u00e7os de fena\u00e7\u00e3o, desde o corte at\u00e9 a embalagem dos fardos com produtos de ponta.&#8221; button=&#8221;url:%23|title:Ler%20Mais&#8221;][\/vc_column_inner][\/vc_row_inner][tm_spacer size=&#8221;lg:40&#8243;][tm_slider style=&#8221;5&#8243; image_size=&#8221;full&#8221; pagination=&#8221;6&#8243; gutter=&#8221;0&#8243; items_display=&#8221;xs:1;sm:1;md:1;lg:1&#8243; items=&#8221;%5B%7B%22image%22%3A%223634%22%2C%22sub_title%22%3A%22Cliente%22%2C%22title%22%3A%22MASTER%22%2C%22text%22%3A%22Nossa%20carteira%20de%20clientes%20%C3%A9%2C%20por%20excel%C3%AAncia%2C%20diferenciada.%20Priorizamos%20o%20atendimento%20de%20qualidade%20aos%20produtores%20rurais%20com%20esp%C3%ADrito%20empreendedor%2C%20que%20priorizam%20a%20gest%C3%A3o%20do%20agroneg%C3%B3cio%20sob%20a%20vis%C3%A3o%20empresarial%2C%20de%20produ%C3%A7%C3%A3o%20com%20resultados%20e%20redu%C3%A7%C3%A3o%20de%20custos.%22%2C%22link%22%3A%22url%3Ahttp%253A%252F%252Ftractor.is%252Fsustainability%252F%7Ctitle%3AQUERO%2520SER%2520MASTER%22%7D%5D&#8221;][\/vc_column][\/vc_row][vc_row][vc_column lg_spacing=&#8221;padding_top:120;padding_bottom:110&#8243;][tm_heading style=&#8221;with-separator-05&#8243; tag=&#8221;div&#8221; custom_google_font=&#8221;&#8221; font_weight=&#8221;700&#8243; align=&#8221;center&#8221; text_color=&#8221;secondary&#8221; text=&#8221;Produtos de nossa empresa diretamente para o campo do Produtor Rural&#8221; font_size=&#8221;lg:32&#8243; line_height=&#8221;1&#8243; css=&#8221;.vc_custom_1623012935994{margin-bottom: 30px !important;}&#8221;][tm_spacer size=&#8221;lg:50&#8243;][tm_grid gutter=&#8221;30&#8243; row_gutter=&#8221;30&#8243; columns=&#8221;xs:1;sm:2;md:3;lg:4&#8243;][tm_image image=&#8221;3696&#8243; caption=&#8221;Preparo de solo&#8221;][tm_image border_color=&#8221;primary&#8221; image=&#8221;3697&#8243; caption=&#8221;Plantio&#8221;][tm_image image=&#8221;3698&#8243; caption=&#8221;Colheita\/Transporte&#8221;][tm_image image=&#8221;3699&#8243; caption=&#8221;Pulveriza\u00e7\u00e3o&#8221;][tm_image image=&#8221;3700&#8243; caption=&#8221;Distribui\u00e7\u00e3o\/Fertiliza\u00e7\u00e3o&#8221;][tm_image image=&#8221;3701&#8243; caption=&#8221;Manuten\u00e7\u00e3o de \u00c1reas&#8221;][tm_image image=&#8221;3702&#8243; caption=&#8221;Pe\u00e7as e Acess\u00f3rios&#8221;][tm_image image=&#8221;3703&#8243; caption=&#8221;Fena\u00e7\u00e3o&#8221;][\/tm_grid][tm_button style=&#8221;modern&#8221; size=&#8221;lg&#8221; align=&#8221;center&#8221; animation=&#8221;fade-in&#8221; button=&#8221;url:http%3A%2F%2Fwww.damacenoagricola.com.br%2Fsite%2Fservicos%2F|title:Conhe%C3%A7a%20Nossos%20Produtos&#8221; lg_spacing=&#8221;padding_top:15&#8243;][\/vc_column][\/vc_row]<\/p>\n","protected":false},"excerpt":{"rendered":"<p>[vc_row full_width=&#8221;stretch_row_content_no_spaces&#8221;][vc_column][\/vc_column][\/vc_row][vc_row full_width=&#8221;stretch_row&#8221; content_placement=&#8221;middle&#8221; lg_spacing=&#8221;padding_top:125;padding_bottom:125&#8243; background_image=&#8221;2267&#8243; background_position=&#8221;center&#8221;][vc_column width=&#8221;1\/2&#8243;][tm_heading style=&#8221;with-separator-05&#8243; tag=&#8221;div&#8221; custom_google_font=&#8221;&#8221; font_weight=&#8221;700&#8243; text_color=&#8221;secondary&#8221; text=&#8221;O Lugar Onde Voc\u00ea Encontra M\u00e1quinas, Pe\u00e7as e Implementos Agr\u00edcolas&#8221; font_size=&#8221;lg:40&#8243; line_height=&#8221;54px&#8221; css=&#8221;.vc_custom_1622772147097{margin-bottom: 30px !important;}&#8221;][\/vc_column][vc_column width=&#8221;1\/2&#8243;][tm_heading tag=&#8221;div&#8221; custom_google_font=&#8221;&#8221; text=&#8221;A Damaceno foi fundada no ano de 1971 por Valdemir Damaceno, que iniciou o neg\u00f3cio vendendo perfumaria e artigos para casa no interior de Cangu\u00e7u, Pelotas e regi\u00e3o.&#8221; line_height=&#8221;28px&#8221; css=&#8221;.vc_custom_1622772163997{margin-bottom: 30px !important;}&#8221; font_size=&#8221;lg:18&#8243;][tm_button style=&#8221;modern&#8221; size=&#8221;sm&#8221; button=&#8221;url:http%3A%2F%2Fwww.damacenoagricola.com.br%2Fsite%2Fhistoria%2F|title:Conhe%C3%A7a%20Nossa%20Hist%C3%B3ria&#8221;][\/vc_column][\/vc_row][vc_row full_width=&#8221;stretch_row&#8221; background_color=&#8221;custom&#8221; lg_spacing=&#8221;padding_top:0;padding_bottom:80&#8243; custom_background_color=&#8221;#f7f7f7&#8243;][vc_column][vc_row_inner][vc_column_inner][tm_heading style=&#8221;multiweight&#8221; tag=&#8221;div&#8221; custom_google_font=&#8221;&#8221; font_weight=&#8221;700&#8243; align=&#8221;center&#8221; md_align=&#8221;center&#8221; sm_align=&#8221;center&#8221; xs_align=&#8221;center&#8221; text_color=&#8221;secondary&#8221; text=&#8221;Assist\u00eancia T\u00e9cnica para ajud\u00e1-lo(a) em emerg\u00eancias rurais&#8221; font_size=&#8221;lg:27&#8243; line_height=&#8221;54px&#8221; css=&#8221;.vc_custom_1622774382905{margin-top: 30px !important;margin-bottom: 30px !important;padding-top: 15px !important;padding-right: 15px !important;padding-bottom: 15px !important;padding-left: 15px !important;}&#8221;][\/vc_column_inner][\/vc_row_inner][vc_row_inner lg_spacing=&#8221;margin_top:-200&#8243;][vc_column_inner width=&#8221;1\/3&#8243;][tm_box_icon style=&#8221;8&#8243; image=&#8221;3633&#8243; heading=&#8221;Assist\u00eancia T\u00e9cnica&#8221; text=&#8221;Al\u00e9m da garantia dos produtos vendidos, a Damaceno conta com estoque para reposi\u00e7\u00e3o imediata de pe\u00e7as para as m\u00e1quinas e implementos. Tamb\u00e9m, a empresa disp\u00f5e de equipe t\u00e9cnica capacitada e apta para atender o cliente sempre que necess\u00e1rio.&#8221; button=&#8221;url:%23|title:Ler%20Mais&#8221;][\/vc_column_inner][vc_column_inner width=&#8221;1\/3&#8243;][tm_box_icon style=&#8221;8&#8243; image=&#8221;3629&#8243; heading=&#8221;Entrega T\u00e9cnica&#8221; text=&#8221;O produtor rural parceiro da Damaceno adquire a garantia de entrega t\u00e9cnica das m\u00e1quinas e implementos. Isso garante ao cliente o aproveitamento m\u00e1ximo das tecnologias e qualidades que cada produto oferece e a capacita\u00e7\u00e3o dos operadores para utiliz\u00e1-los com a m\u00e1xima perfei\u00e7\u00e3o t\u00e9cnica.&#8221; button=&#8221;url:%23|title:Ler%20Mais&#8221;][\/vc_column_inner][vc_column_inner width=&#8221;1\/3&#8243;][tm_box_icon style=&#8221;8&#8243; image=&#8221;3631&#8243; heading=&#8221;Fena\u00e7\u00e3o&#8221; text=&#8221;A AGROSERV \u00e9 uma empresa afiliada \u00e0 Damaceno Implementos Agr\u00edcolas e oferta ao mercado do setor prim\u00e1rio os servi\u00e7os de fena\u00e7\u00e3o, desde o corte at\u00e9 a embalagem dos fardos com produtos de ponta.&#8221; button=&#8221;url:%23|title:Ler%20Mais&#8221;][\/vc_column_inner][\/vc_row_inner][tm_spacer size=&#8221;lg:40&#8243;][tm_slider style=&#8221;5&#8243; image_size=&#8221;full&#8221; pagination=&#8221;6&#8243; gutter=&#8221;0&#8243; items_display=&#8221;xs:1;sm:1;md:1;lg:1&#8243; items=&#8221;%5B%7B%22image%22%3A%223634%22%2C%22sub_title%22%3A%22Cliente%22%2C%22title%22%3A%22MASTER%22%2C%22text%22%3A%22Nossa%20carteira%20de%20clientes%20%C3%A9%2C%20por%20excel%C3%AAncia%2C%20diferenciada.%20Priorizamos%20o%20atendimento%20de%20qualidade%20aos%20produtores%20rurais%20com%20esp%C3%ADrito%20empreendedor%2C%20que%20priorizam%20a%20gest%C3%A3o%20do%20agroneg%C3%B3cio%20sob%20a%20vis%C3%A3o%20empresarial%2C%20de%20produ%C3%A7%C3%A3o%20com%20resultados%20e%20redu%C3%A7%C3%A3o%20de%20custos.%22%2C%22link%22%3A%22url%3Ahttp%253A%252F%252Ftractor.is%252Fsustainability%252F%7Ctitle%3AQUERO%2520SER%2520MASTER%22%7D%5D&#8221;][\/vc_column][\/vc_row][vc_row][vc_column lg_spacing=&#8221;padding_top:120;padding_bottom:110&#8243;][tm_heading style=&#8221;with-separator-05&#8243; tag=&#8221;div&#8221; custom_google_font=&#8221;&#8221; font_weight=&#8221;700&#8243; align=&#8221;center&#8221; text_color=&#8221;secondary&#8221; text=&#8221;Produtos de nossa empresa diretamente para o campo do Produtor Rural&#8221; font_size=&#8221;lg:32&#8243; line_height=&#8221;1&#8243; css=&#8221;.vc_custom_1623012935994{margin-bottom: 30px !important;}&#8221;][tm_spacer size=&#8221;lg:50&#8243;][tm_grid gutter=&#8221;30&#8243; row_gutter=&#8221;30&#8243; columns=&#8221;xs:1;sm:2;md:3;lg:4&#8243;][tm_image image=&#8221;3696&#8243; caption=&#8221;Preparo de solo&#8221;][tm_image border_color=&#8221;primary&#8221; image=&#8221;3697&#8243; caption=&#8221;Plantio&#8221;][tm_image image=&#8221;3698&#8243; caption=&#8221;Colheita\/Transporte&#8221;][tm_image image=&#8221;3699&#8243; caption=&#8221;Pulveriza\u00e7\u00e3o&#8221;][tm_image image=&#8221;3700&#8243; caption=&#8221;Distribui\u00e7\u00e3o\/Fertiliza\u00e7\u00e3o&#8221;][tm_image image=&#8221;3701&#8243; caption=&#8221;Manuten\u00e7\u00e3o de \u00c1reas&#8221;][tm_image image=&#8221;3702&#8243; caption=&#8221;Pe\u00e7as e Acess\u00f3rios&#8221;][tm_image image=&#8221;3703&#8243; caption=&#8221;Fena\u00e7\u00e3o&#8221;][\/tm_grid][tm_button style=&#8221;modern&#8221; size=&#8221;lg&#8221; align=&#8221;center&#8221; animation=&#8221;fade-in&#8221; button=&#8221;url:http%3A%2F%2Fwww.damacenoagricola.com.br%2Fsite%2Fservicos%2F|title:Conhe%C3%A7a%20Nossos%20Produtos&#8221; lg_spacing=&#8221;padding_top:15&#8243;][\/vc_column][\/vc_row]<\/p>\n","protected":false},"author":1,"featured_media":0,"parent":0,"menu_order":0,"comment_status":"closed","ping_status":"closed","template":"","meta":{"footnotes":""},"class_list":["post-2002","page","type-page","status-publish","hentry"],"_links":{"self":[{"href":"http:\/\/www.damacenoagricola.com.br\/site\/wp-json\/wp\/v2\/pages\/2002","targetHints":{"allow":["GET"]}}],"collection":[{"href":"http:\/\/www.damacenoagricola.com.br\/site\/wp-json\/wp\/v2\/pages"}],"about":[{"href":"http:\/\/www.damacenoagricola.com.br\/site\/wp-json\/wp\/v2\/types\/page"}],"author":[{"embeddable":true,"href":"http:\/\/www.damacenoagricola.com.br\/site\/wp-json\/wp\/v2\/users\/1"}],"replies":[{"embeddable":true,"href":"http:\/\/www.damacenoagricola.com.br\/site\/wp-json\/wp\/v2\/comments?post=2002"}],"version-history":[{"count":32,"href":"http:\/\/www.damacenoagricola.com.br\/site\/wp-json\/wp\/v2\/pages\/2002\/revisions"}],"predecessor-version":[{"id":3752,"href":"http:\/\/www.damacenoagricola.com.br\/site\/wp-json\/wp\/v2\/pages\/2002\/revisions\/3752"}],"wp:attachment":[{"href":"http:\/\/www.damacenoagricola.com.br\/site\/wp-json\/wp\/v2\/media?parent=2002"}],"curies":[{"name":"wp","href":"https:\/\/api.w.org\/{rel}","templated":true}]}}